{"id":5143,"date":"2020-08-27T14:44:43","date_gmt":"2020-08-27T11:44:43","guid":{"rendered":"https:\/\/kirurgia.ee\/plastiikakirurgit\/dr-heiko-atna\/"},"modified":"2024-05-23T12:31:12","modified_gmt":"2024-05-23T09:31:12","slug":"dr-heiko-atna","status":"publish","type":"page","link":"https:\/\/kirurgia.ee\/fi\/plastiikakirurgit\/dr-heiko-atna\/","title":{"rendered":"Dr Heiko Atna"},"content":{"rendered":"<div class=\"fusion-fullwidth fullwidth-box fusion-builder-row-1 fusion-flex-container nonhundred-percent-fullwidth non-hundred-percent-height-scrolling\" style=\"--awb-border-radius-top-left:0px;--awb-border-radius-top-right:0px;--awb-border-radius-bottom-right:0px;--awb-border-radius-bottom-left:0px;--awb-flex-wrap:wrap;\" ><div class=\"fusion-builder-row fusion-row fusion-flex-align-items-flex-start fusion-flex-content-wrap\" style=\"max-width:1497.6px;margin-left: calc(-4% \/ 2 );margin-right: calc(-4% \/ 2 );\"><div class=\"fusion-layout-column fusion_builder_column fusion-builder-column-0 fusion_builder_column_1_5 1_5 fusion-flex-column\" style=\"--awb-bg-size:cover;--awb-width-large:20%;--awb-margin-top-large:0px;--awb-spacing-right-large:9.6%;--awb-margin-bottom-large:20px;--awb-spacing-left-large:9.6%;--awb-width-medium:100%;--awb-order-medium:0;--awb-spacing-right-medium:1.92%;--awb-spacing-left-medium:1.92%;--awb-width-small:100%;--awb-order-small:0;--awb-spacing-right-small:1.92%;--awb-spacing-left-small:1.92%;\"><div class=\"fusion-column-wrapper fusion-column-has-shadow fusion-flex-justify-content-flex-start fusion-content-layout-column\"><div class=\"fusion-image-element \" style=\"--awb-caption-title-font-family:var(--h2_typography-font-family);--awb-caption-title-font-weight:var(--h2_typography-font-weight);--awb-caption-title-font-style:var(--h2_typography-font-style);--awb-caption-title-size:var(--h2_typography-font-size);--awb-caption-title-transform:var(--h2_typography-text-transform);--awb-caption-title-line-height:var(--h2_typography-line-height);--awb-caption-title-letter-spacing:var(--h2_typography-letter-spacing);\"><span class=\" fusion-imageframe imageframe-none imageframe-1 hover-type-none\" style=\"border-radius:50%;\"><img decoding=\"async\" width=\"200\" height=\"200\" title=\"heiko atna 200&#215;200\" src=\"https:\/\/kirurgia.ee\/wp-content\/uploads\/heiko-atna-200x200-1.jpg\" alt class=\"img-responsive wp-image-7824\" srcset=\"https:\/\/kirurgia.ee\/wp-content\/uploads\/heiko-atna-200x200-1-66x66.jpg 66w, https:\/\/kirurgia.ee\/wp-content\/uploads\/heiko-atna-200x200-1-150x150.jpg 150w, https:\/\/kirurgia.ee\/wp-content\/uploads\/heiko-atna-200x200-1.jpg 200w\" sizes=\"(max-width: 200px) 100vw, 200px\" \/><\/span><\/div><\/div><\/div><div class=\"fusion-layout-column fusion_builder_column fusion-builder-column-1 fusion_builder_column_3_5 3_5 fusion-flex-column\" style=\"--awb-bg-size:cover;--awb-width-large:60%;--awb-margin-top-large:0px;--awb-spacing-right-large:3.2%;--awb-margin-bottom-large:20px;--awb-spacing-left-large:3.2%;--awb-width-medium:100%;--awb-order-medium:0;--awb-spacing-right-medium:1.92%;--awb-spacing-left-medium:1.92%;--awb-width-small:100%;--awb-order-small:0;--awb-spacing-right-small:1.92%;--awb-spacing-left-small:1.92%;\"><div class=\"fusion-column-wrapper fusion-column-has-shadow fusion-flex-justify-content-flex-start fusion-content-layout-column\"><div class=\"fusion-text fusion-text-1\"><p><span lang=\"fi-FI\">Tri Heiko Atna on valmistunut Tarton yliopiston l\u00e4\u00e4ketieteellisest\u00e4 tiedekunnasta ja k\u00e4ynyt t\u00e4ydennyskoulutuksessa Saksassa ja Suomessa.<\/span><\/p>\n<p><span lang=\"fi-FI\">Tarton yliopiston l\u00e4\u00e4ketieteellisen tiedekunnan p\u00e4\u00e4tt\u00e4misen j\u00e4lkeen tri Heiko Atna ty\u00f6skenteli Suomessa ensihoidon l\u00e4\u00e4k\u00e4rin\u00e4 ja erilaisten vammojen n\u00e4keminen johti p\u00e4\u00e4t\u00f6kseen l\u00e4hte\u00e4 rekonstruoivan ja plastiikkakirurgian erikoistumisjaksolle. T\u00e4ll\u00e4 erikoisalalla tri Atna ty\u00f6skentelee my\u00f6s Pohjois-Viron aluesairaalassa.<\/span><\/p>\n<p>&nbsp;<\/p>\n<\/div><\/div><\/div><div class=\"fusion-layout-column fusion_builder_column fusion-builder-column-2 fusion_builder_column_1_5 1_5 fusion-flex-column\" style=\"--awb-bg-size:cover;--awb-width-large:20%;--awb-margin-top-large:0px;--awb-spacing-right-large:9.6%;--awb-margin-bottom-large:20px;--awb-spacing-left-large:9.6%;--awb-width-medium:100%;--awb-order-medium:0;--awb-spacing-right-medium:1.92%;--awb-spacing-left-medium:1.92%;--awb-width-small:100%;--awb-order-small:0;--awb-spacing-right-small:1.92%;--awb-spacing-left-small:1.92%;\"><div class=\"fusion-column-wrapper fusion-column-has-shadow fusion-flex-justify-content-flex-start fusion-content-layout-column\"><\/div><\/div><\/div><\/div>\n","protected":false},"excerpt":{"rendered":"","protected":false},"author":4,"featured_media":0,"parent":4249,"menu_order":0,"comment_status":"closed","ping_status":"closed","template":"","meta":{"om_disable_all_campaigns":false,"inline_featured_image":false,"_monsterinsights_skip_tracking":false,"_monsterinsights_sitenote_active":false,"_monsterinsights_sitenote_note":"","_monsterinsights_sitenote_category":0,"_uf_show_specific_survey":0,"_uf_disable_surveys":false,"footnotes":""},"class_list":["post-5143","page","type-page","status-publish","hentry"],"aioseo_notices":[],"_links":{"self":[{"href":"https:\/\/kirurgia.ee\/fi\/wp-json\/wp\/v2\/pages\/5143","targetHints":{"allow":["GET"]}}],"collection":[{"href":"https:\/\/kirurgia.ee\/fi\/wp-json\/wp\/v2\/pages"}],"about":[{"href":"https:\/\/kirurgia.ee\/fi\/wp-json\/wp\/v2\/types\/page"}],"author":[{"embeddable":true,"href":"https:\/\/kirurgia.ee\/fi\/wp-json\/wp\/v2\/users\/4"}],"replies":[{"embeddable":true,"href":"https:\/\/kirurgia.ee\/fi\/wp-json\/wp\/v2\/comments?post=5143"}],"version-history":[{"count":5,"href":"https:\/\/kirurgia.ee\/fi\/wp-json\/wp\/v2\/pages\/5143\/revisions"}],"predecessor-version":[{"id":9627,"href":"https:\/\/kirurgia.ee\/fi\/wp-json\/wp\/v2\/pages\/5143\/revisions\/9627"}],"up":[{"embeddable":true,"href":"https:\/\/kirurgia.ee\/fi\/wp-json\/wp\/v2\/pages\/4249"}],"wp:attachment":[{"href":"https:\/\/kirurgia.ee\/fi\/wp-json\/wp\/v2\/media?parent=5143"}],"curies":[{"name":"wp","href":"https:\/\/api.w.org\/{rel}","templated":true}]}}