{"id":5140,"date":"2020-08-27T14:43:50","date_gmt":"2020-08-27T11:43:50","guid":{"rendered":"https:\/\/kirurgia.ee\/plastiikakirurgit\/dr-priit-kasenomm\/"},"modified":"2020-08-27T14:47:13","modified_gmt":"2020-08-27T11:47:13","slug":"dr-priit-kasenomm","status":"publish","type":"page","link":"https:\/\/kirurgia.ee\/fi\/plastiikakirurgit\/dr-priit-kasenomm\/","title":{"rendered":"Dr Priit Kasen\u00f5mm"},"content":{"rendered":"<div class=\"fusion-fullwidth fullwidth-box fusion-builder-row-1 fusion-flex-container nonhundred-percent-fullwidth non-hundred-percent-height-scrolling\" style=\"--awb-border-radius-top-left:0px;--awb-border-radius-top-right:0px;--awb-border-radius-bottom-right:0px;--awb-border-radius-bottom-left:0px;--awb-flex-wrap:wrap;\" ><div class=\"fusion-builder-row fusion-row fusion-flex-align-items-flex-start fusion-flex-content-wrap\" style=\"max-width:1497.6px;margin-left: calc(-4% \/ 2 );margin-right: calc(-4% \/ 2 );\"><div class=\"fusion-layout-column fusion_builder_column fusion-builder-column-0 fusion_builder_column_1_5 1_5 fusion-flex-column\" style=\"--awb-bg-size:cover;--awb-width-large:20%;--awb-margin-top-large:0px;--awb-spacing-right-large:9.6%;--awb-margin-bottom-large:20px;--awb-spacing-left-large:9.6%;--awb-width-medium:100%;--awb-order-medium:0;--awb-spacing-right-medium:1.92%;--awb-spacing-left-medium:1.92%;--awb-width-small:100%;--awb-order-small:0;--awb-spacing-right-small:1.92%;--awb-spacing-left-small:1.92%;\"><div class=\"fusion-column-wrapper fusion-column-has-shadow fusion-flex-justify-content-flex-start fusion-content-layout-column\"><div class=\"fusion-image-element \" style=\"--awb-caption-title-font-family:var(--h2_typography-font-family);--awb-caption-title-font-weight:var(--h2_typography-font-weight);--awb-caption-title-font-style:var(--h2_typography-font-style);--awb-caption-title-size:var(--h2_typography-font-size);--awb-caption-title-transform:var(--h2_typography-text-transform);--awb-caption-title-line-height:var(--h2_typography-line-height);--awb-caption-title-letter-spacing:var(--h2_typography-letter-spacing);\"><span class=\" fusion-imageframe imageframe-none imageframe-1 hover-type-none\" style=\"border-radius:50%;\"><img decoding=\"async\" width=\"200\" height=\"200\" alt=\"Priit Kasen\u00f5mm\" title=\"priit-kasenomm\" src=\"https:\/\/kirurgia.ee\/wp-content\/uploads\/priit-kasenomm.jpg\" class=\"img-responsive wp-image-2295\" srcset=\"https:\/\/kirurgia.ee\/wp-content\/uploads\/priit-kasenomm-66x66.jpg 66w, https:\/\/kirurgia.ee\/wp-content\/uploads\/priit-kasenomm-150x150.jpg 150w, https:\/\/kirurgia.ee\/wp-content\/uploads\/priit-kasenomm.jpg 200w\" sizes=\"(max-width: 200px) 100vw, 200px\" \/><\/span><\/div><\/div><\/div><div class=\"fusion-layout-column fusion_builder_column fusion-builder-column-1 fusion_builder_column_3_5 3_5 fusion-flex-column\" style=\"--awb-bg-size:cover;--awb-width-large:60%;--awb-margin-top-large:0px;--awb-spacing-right-large:3.2%;--awb-margin-bottom-large:20px;--awb-spacing-left-large:3.2%;--awb-width-medium:100%;--awb-order-medium:0;--awb-spacing-right-medium:1.92%;--awb-spacing-left-medium:1.92%;--awb-width-small:100%;--awb-order-small:0;--awb-spacing-right-small:1.92%;--awb-spacing-left-small:1.92%;\"><div class=\"fusion-column-wrapper fusion-column-has-shadow fusion-flex-justify-content-flex-start fusion-content-layout-column\"><div class=\"fusion-text fusion-text-1\"><p style=\"text-align: justify;\"><span lang=\"fi-FI\">Tri Priit Kasen\u00f5mm valmistui Tarton yliopiston l\u00e4\u00e4ketieteellisest\u00e4 tiedekunnasta vuonna 1999. Vuonna 2005 h\u00e4n v\u00e4itteli l\u00e4\u00e4ketieteen tohtoriksi. Vuosina 2010-2019 h\u00e4n ty\u00f6skenteli Tarton yliopistollisen sairaalan korvaklinikan johtajana. Vuodesta 2019 alkaen tri Priit Kasen\u00f5mm ty\u00f6skentelee Pohjois-Viron aluesairaalan p\u00e4\u00e4- ja kaulakirurgiakeskuksessa. Plastiikkaleikkauksia tri Priit Kasen\u00f5mm suorittaa Yksityissairaala Kotkan plastiikkakirurgiakeskuksessa Tallinnassa sek\u00e4 Medita-klinikassa Tartossa.<\/span><\/p>\n<p style=\"text-align: justify;\"><span lang=\"fi-FI\">Tri Kasen\u00f5mmen p\u00e4\u00e4asiallinen kiinnostus kohdistuu nen\u00e4n ja korvalehden plastiikkaleikkauksiin. H\u00e4n toimii sek\u00e4 kosmeettisia leikkauksia haluavien potilaiden ett\u00e4 my\u00f6s synnynn\u00e4isten ja vammoista aiheutuneiden nen\u00e4- tai korvalehtien ep\u00e4muodostumien hoidon parissa. Luotettavien ja hyviksi koettujen kirurgisten tekniikoiden k\u00e4ytt\u00e4minen antaa h\u00e4nelle valmiudet tarjota potilailleen kaikkein nykyaikaisinta hoitoa.<\/span><\/p>\n<\/div><\/div><\/div><div class=\"fusion-layout-column fusion_builder_column fusion-builder-column-2 fusion_builder_column_1_5 1_5 fusion-flex-column\" style=\"--awb-bg-size:cover;--awb-width-large:20%;--awb-margin-top-large:0px;--awb-spacing-right-large:9.6%;--awb-margin-bottom-large:20px;--awb-spacing-left-large:9.6%;--awb-width-medium:100%;--awb-order-medium:0;--awb-spacing-right-medium:1.92%;--awb-spacing-left-medium:1.92%;--awb-width-small:100%;--awb-order-small:0;--awb-spacing-right-small:1.92%;--awb-spacing-left-small:1.92%;\"><div class=\"fusion-column-wrapper fusion-column-has-shadow fusion-flex-justify-content-flex-start fusion-content-layout-column\"><\/div><\/div><\/div><\/div>\n","protected":false},"excerpt":{"rendered":"","protected":false},"author":4,"featured_media":0,"parent":4249,"menu_order":0,"comment_status":"closed","ping_status":"closed","template":"","meta":{"om_disable_all_campaigns":false,"inline_featured_image":false,"_monsterinsights_skip_tracking":false,"_monsterinsights_sitenote_active":false,"_monsterinsights_sitenote_note":"","_monsterinsights_sitenote_category":0,"_uf_show_specific_survey":0,"_uf_disable_surveys":false,"footnotes":""},"class_list":["post-5140","page","type-page","status-publish","hentry"],"aioseo_notices":[],"_links":{"self":[{"href":"https:\/\/kirurgia.ee\/fi\/wp-json\/wp\/v2\/pages\/5140","targetHints":{"allow":["GET"]}}],"collection":[{"href":"https:\/\/kirurgia.ee\/fi\/wp-json\/wp\/v2\/pages"}],"about":[{"href":"https:\/\/kirurgia.ee\/fi\/wp-json\/wp\/v2\/types\/page"}],"author":[{"embeddable":true,"href":"https:\/\/kirurgia.ee\/fi\/wp-json\/wp\/v2\/users\/4"}],"replies":[{"embeddable":true,"href":"https:\/\/kirurgia.ee\/fi\/wp-json\/wp\/v2\/comments?post=5140"}],"version-history":[{"count":3,"href":"https:\/\/kirurgia.ee\/fi\/wp-json\/wp\/v2\/pages\/5140\/revisions"}],"predecessor-version":[{"id":5150,"href":"https:\/\/kirurgia.ee\/fi\/wp-json\/wp\/v2\/pages\/5140\/revisions\/5150"}],"up":[{"embeddable":true,"href":"https:\/\/kirurgia.ee\/fi\/wp-json\/wp\/v2\/pages\/4249"}],"wp:attachment":[{"href":"https:\/\/kirurgia.ee\/fi\/wp-json\/wp\/v2\/media?parent=5140"}],"curies":[{"name":"wp","href":"https:\/\/api.w.org\/{rel}","templated":true}]}}