{"id":5134,"date":"2020-08-27T14:43:10","date_gmt":"2020-08-27T11:43:10","guid":{"rendered":"https:\/\/kirurgia.ee\/plastiikakirurgit\/dr-margus-luht\/"},"modified":"2020-08-27T14:51:09","modified_gmt":"2020-08-27T11:51:09","slug":"dr-margus-luht","status":"publish","type":"page","link":"https:\/\/kirurgia.ee\/fi\/plastiikakirurgit\/dr-margus-luht\/","title":{"rendered":"Dr Margus Luht"},"content":{"rendered":"<div class=\"fusion-fullwidth fullwidth-box fusion-builder-row-1 fusion-flex-container nonhundred-percent-fullwidth non-hundred-percent-height-scrolling\" style=\"--awb-border-radius-top-left:0px;--awb-border-radius-top-right:0px;--awb-border-radius-bottom-right:0px;--awb-border-radius-bottom-left:0px;--awb-flex-wrap:wrap;\" ><div class=\"fusion-builder-row fusion-row fusion-flex-align-items-flex-start fusion-flex-content-wrap\" style=\"max-width:1497.6px;margin-left: calc(-4% \/ 2 );margin-right: calc(-4% \/ 2 );\"><div class=\"fusion-layout-column fusion_builder_column fusion-builder-column-0 fusion_builder_column_1_5 1_5 fusion-flex-column\" style=\"--awb-bg-size:cover;--awb-width-large:20%;--awb-margin-top-large:0px;--awb-spacing-right-large:9.6%;--awb-margin-bottom-large:20px;--awb-spacing-left-large:9.6%;--awb-width-medium:100%;--awb-order-medium:0;--awb-spacing-right-medium:1.92%;--awb-spacing-left-medium:1.92%;--awb-width-small:100%;--awb-order-small:0;--awb-spacing-right-small:1.92%;--awb-spacing-left-small:1.92%;\"><div class=\"fusion-column-wrapper fusion-column-has-shadow fusion-flex-justify-content-flex-start fusion-content-layout-column\"><div class=\"fusion-image-element \" style=\"--awb-caption-title-font-family:var(--h2_typography-font-family);--awb-caption-title-font-weight:var(--h2_typography-font-weight);--awb-caption-title-font-style:var(--h2_typography-font-style);--awb-caption-title-size:var(--h2_typography-font-size);--awb-caption-title-transform:var(--h2_typography-text-transform);--awb-caption-title-line-height:var(--h2_typography-line-height);--awb-caption-title-letter-spacing:var(--h2_typography-letter-spacing);\"><span class=\" fusion-imageframe imageframe-none imageframe-1 hover-type-none\" style=\"border-radius:50%;\"><img decoding=\"async\" width=\"300\" height=\"300\" title=\"margus_luht_nina-korva-kurguarst\" src=\"https:\/\/kirurgia.ee\/wp-content\/uploads\/margus_luht_nina-korva-kurguarst-300x300.jpg\" alt class=\"img-responsive wp-image-470\" srcset=\"https:\/\/kirurgia.ee\/wp-content\/uploads\/margus_luht_nina-korva-kurguarst-200x200.jpg 200w, https:\/\/kirurgia.ee\/wp-content\/uploads\/margus_luht_nina-korva-kurguarst-400x400.jpg 400w, https:\/\/kirurgia.ee\/wp-content\/uploads\/margus_luht_nina-korva-kurguarst-600x600.jpg 600w, https:\/\/kirurgia.ee\/wp-content\/uploads\/margus_luht_nina-korva-kurguarst.jpg 799w\" sizes=\"(max-width: 1024px) 100vw, (max-width: 640px) 100vw, 400px\" \/><\/span><\/div><\/div><\/div><div class=\"fusion-layout-column fusion_builder_column fusion-builder-column-1 fusion_builder_column_3_5 3_5 fusion-flex-column\" style=\"--awb-bg-size:cover;--awb-width-large:60%;--awb-margin-top-large:0px;--awb-spacing-right-large:3.2%;--awb-margin-bottom-large:20px;--awb-spacing-left-large:3.2%;--awb-width-medium:100%;--awb-order-medium:0;--awb-spacing-right-medium:1.92%;--awb-spacing-left-medium:1.92%;--awb-width-small:100%;--awb-order-small:0;--awb-spacing-right-small:1.92%;--awb-spacing-left-small:1.92%;\"><div class=\"fusion-column-wrapper fusion-column-has-shadow fusion-flex-justify-content-flex-start fusion-content-layout-column\"><div class=\"fusion-text fusion-text-1\"><p><span lang=\"fi-FI\"><strong>Tri Margus Luht<\/strong> on valmistunut Tarton yliopiston l\u00e4\u00e4ketieteellisest\u00e4 tiedekunnasta ja suorittanut korva-, nen\u00e4- ja kurkkutautien erikoistumisjakson. 1980-luvun lopulta l\u00e4htien h\u00e4nen p\u00e4\u00e4asiallisina toimintasuuntinaan ovat olleet nen\u00e4plastiikka, keskikorvan mikrokirurgia, nen\u00e4n sivuonteloiden endoskooppinen kirurgia; 2000-luvun alusta l\u00e4htien my\u00f6s uniapnean diagnostiikka ja hoito. Yleisimpi\u00e4 leikkauksia ovat kuitenkin edelleen nen\u00e4leikkaukset, joita tri Luht suorittaa suunnilleen 60 vuosittain.<\/span><\/p>\n<p><span lang=\"fi-FI\">Tri Luht on Viron korva-, nen\u00e4- ja kurkkutautien erikoisl\u00e4\u00e4k\u00e4rien sek\u00e4 P\u00e4\u00e4- ja kaulakirurgien seuran j\u00e4sen.<\/span><\/p>\n<\/div><\/div><\/div><div class=\"fusion-layout-column fusion_builder_column fusion-builder-column-2 fusion_builder_column_1_5 1_5 fusion-flex-column\" style=\"--awb-bg-size:cover;--awb-width-large:20%;--awb-margin-top-large:0px;--awb-spacing-right-large:9.6%;--awb-margin-bottom-large:20px;--awb-spacing-left-large:9.6%;--awb-width-medium:100%;--awb-order-medium:0;--awb-spacing-right-medium:1.92%;--awb-spacing-left-medium:1.92%;--awb-width-small:100%;--awb-order-small:0;--awb-spacing-right-small:1.92%;--awb-spacing-left-small:1.92%;\"><div class=\"fusion-column-wrapper fusion-column-has-shadow fusion-flex-justify-content-flex-start fusion-content-layout-column\"><\/div><\/div><\/div><\/div>\n","protected":false},"excerpt":{"rendered":"","protected":false},"author":4,"featured_media":0,"parent":4249,"menu_order":0,"comment_status":"closed","ping_status":"closed","template":"","meta":{"om_disable_all_campaigns":false,"inline_featured_image":false,"_monsterinsights_skip_tracking":false,"_monsterinsights_sitenote_active":false,"_monsterinsights_sitenote_note":"","_monsterinsights_sitenote_category":0,"_uf_show_specific_survey":0,"_uf_disable_surveys":false,"footnotes":""},"class_list":["post-5134","page","type-page","status-publish","hentry"],"aioseo_notices":[],"_links":{"self":[{"href":"https:\/\/kirurgia.ee\/fi\/wp-json\/wp\/v2\/pages\/5134","targetHints":{"allow":["GET"]}}],"collection":[{"href":"https:\/\/kirurgia.ee\/fi\/wp-json\/wp\/v2\/pages"}],"about":[{"href":"https:\/\/kirurgia.ee\/fi\/wp-json\/wp\/v2\/types\/page"}],"author":[{"embeddable":true,"href":"https:\/\/kirurgia.ee\/fi\/wp-json\/wp\/v2\/users\/4"}],"replies":[{"embeddable":true,"href":"https:\/\/kirurgia.ee\/fi\/wp-json\/wp\/v2\/comments?post=5134"}],"version-history":[{"count":3,"href":"https:\/\/kirurgia.ee\/fi\/wp-json\/wp\/v2\/pages\/5134\/revisions"}],"predecessor-version":[{"id":5154,"href":"https:\/\/kirurgia.ee\/fi\/wp-json\/wp\/v2\/pages\/5134\/revisions\/5154"}],"up":[{"embeddable":true,"href":"https:\/\/kirurgia.ee\/fi\/wp-json\/wp\/v2\/pages\/4249"}],"wp:attachment":[{"href":"https:\/\/kirurgia.ee\/fi\/wp-json\/wp\/v2\/media?parent=5134"}],"curies":[{"name":"wp","href":"https:\/\/api.w.org\/{rel}","templated":true}]}}