{"id":5131,"date":"2020-08-27T14:42:38","date_gmt":"2020-08-27T11:42:38","guid":{"rendered":"https:\/\/kirurgia.ee\/plastiikakirurgit\/dr-mart-eller\/"},"modified":"2020-08-27T14:49:25","modified_gmt":"2020-08-27T11:49:25","slug":"dr-mart-eller","status":"publish","type":"page","link":"https:\/\/kirurgia.ee\/fi\/plastiikakirurgit\/dr-mart-eller\/","title":{"rendered":"Dr Mart Eller"},"content":{"rendered":"<div class=\"fusion-fullwidth fullwidth-box fusion-builder-row-1 fusion-flex-container nonhundred-percent-fullwidth non-hundred-percent-height-scrolling\" style=\"--awb-border-radius-top-left:0px;--awb-border-radius-top-right:0px;--awb-border-radius-bottom-right:0px;--awb-border-radius-bottom-left:0px;--awb-flex-wrap:wrap;\" ><div class=\"fusion-builder-row fusion-row fusion-flex-align-items-flex-start fusion-flex-content-wrap\" style=\"max-width:1497.6px;margin-left: calc(-4% \/ 2 );margin-right: calc(-4% \/ 2 );\"><div class=\"fusion-layout-column fusion_builder_column fusion-builder-column-0 fusion_builder_column_1_5 1_5 fusion-flex-column\" style=\"--awb-bg-size:cover;--awb-width-large:20%;--awb-margin-top-large:0px;--awb-spacing-right-large:9.6%;--awb-margin-bottom-large:20px;--awb-spacing-left-large:9.6%;--awb-width-medium:100%;--awb-order-medium:0;--awb-spacing-right-medium:1.92%;--awb-spacing-left-medium:1.92%;--awb-width-small:100%;--awb-order-small:0;--awb-spacing-right-small:1.92%;--awb-spacing-left-small:1.92%;\"><div class=\"fusion-column-wrapper fusion-column-has-shadow fusion-flex-justify-content-flex-start fusion-content-layout-column\"><div class=\"fusion-image-element \" style=\"--awb-caption-title-font-family:var(--h2_typography-font-family);--awb-caption-title-font-weight:var(--h2_typography-font-weight);--awb-caption-title-font-style:var(--h2_typography-font-style);--awb-caption-title-size:var(--h2_typography-font-size);--awb-caption-title-transform:var(--h2_typography-text-transform);--awb-caption-title-line-height:var(--h2_typography-line-height);--awb-caption-title-letter-spacing:var(--h2_typography-letter-spacing);\"><span class=\" fusion-imageframe imageframe-none imageframe-1 hover-type-none\" style=\"border-radius:50%;\"><img decoding=\"async\" width=\"300\" height=\"300\" title=\"Mart Eller plastikakirurg 1\" src=\"https:\/\/kirurgia.ee\/wp-content\/uploads\/Mart-Eller-plastikakirurg-1-300x300.jpg\" alt class=\"img-responsive wp-image-3698\" srcset=\"https:\/\/kirurgia.ee\/wp-content\/uploads\/Mart-Eller-plastikakirurg-1-200x200.jpg 200w, https:\/\/kirurgia.ee\/wp-content\/uploads\/Mart-Eller-plastikakirurg-1-400x400.jpg 400w, https:\/\/kirurgia.ee\/wp-content\/uploads\/Mart-Eller-plastikakirurg-1-600x600.jpg 600w, https:\/\/kirurgia.ee\/wp-content\/uploads\/Mart-Eller-plastikakirurg-1.jpg 787w\" sizes=\"(max-width: 1024px) 100vw, (max-width: 640px) 100vw, 400px\" \/><\/span><\/div><\/div><\/div><div class=\"fusion-layout-column fusion_builder_column fusion-builder-column-1 fusion_builder_column_3_5 3_5 fusion-flex-column\" style=\"--awb-bg-size:cover;--awb-width-large:60%;--awb-margin-top-large:0px;--awb-spacing-right-large:3.2%;--awb-margin-bottom-large:20px;--awb-spacing-left-large:3.2%;--awb-width-medium:100%;--awb-order-medium:0;--awb-spacing-right-medium:1.92%;--awb-spacing-left-medium:1.92%;--awb-width-small:100%;--awb-order-small:0;--awb-spacing-right-small:1.92%;--awb-spacing-left-small:1.92%;\"><div class=\"fusion-column-wrapper fusion-column-has-shadow fusion-flex-justify-content-flex-start fusion-content-layout-column\"><div class=\"fusion-text fusion-text-1\"><p style=\"text-align: justify;\"><strong>Tri Mart Eller<\/strong> on valmistunut Tarton yliopiston l\u00e4\u00e4ketieteellisest\u00e4 tiedekunnasta ja suorittanut plastiikka- ja rekonstruoivan kirurgian erikoistumisjakson. Vuodesta 2011 alkaen tri Eller on Tarton yliopistollisessa sairaalassa l\u00e4\u00e4k\u00e4rin\u00e4 ja opettajana plastiikkakirurgian erikoisalalla. H\u00e4n kouluttaa ty\u00f6tovereitaan erilaisilla plastiikkakirurgian aloilla kuten rekonstruoiva eli korjaava kirurgia, esteettinen kirurgia, palovammojen kirurginen hoito sek\u00e4 synnynn\u00e4isten ep\u00e4muodostumien kirurgia.<\/p>\n<p style=\"text-align: justify;\">T\u00e4rkeimpi\u00e4 alueita k\u00e4yt\u00e4nn\u00f6ss\u00e4 ovat pehmeiden kudosten rekonstruointi, ml. synnynn\u00e4isten ja saatujen ep\u00e4muodostumien korjaaminen, mutta my\u00f6s esteettinen kirurgia. Tri Eller toimii Tarton yliopistollisen sairaalan lis\u00e4ksi useissa yksityisklinikoissa ja suorittaa vuosittain 600-700 leikkausta. Tri Eller on Viron plastiikka- ja rekonstruoivan kirurgian seuran sek\u00e4 Kansainv\u00e4lisen plastisen rekonstruoivan kirurgian ja esteettisen kirurgian liiton j\u00e4sen.<\/p>\n<\/div><\/div><\/div><div class=\"fusion-layout-column fusion_builder_column fusion-builder-column-2 fusion_builder_column_1_5 1_5 fusion-flex-column\" style=\"--awb-bg-size:cover;--awb-width-large:20%;--awb-margin-top-large:0px;--awb-spacing-right-large:9.6%;--awb-margin-bottom-large:20px;--awb-spacing-left-large:9.6%;--awb-width-medium:100%;--awb-order-medium:0;--awb-spacing-right-medium:1.92%;--awb-spacing-left-medium:1.92%;--awb-width-small:100%;--awb-order-small:0;--awb-spacing-right-small:1.92%;--awb-spacing-left-small:1.92%;\"><div class=\"fusion-column-wrapper fusion-column-has-shadow fusion-flex-justify-content-flex-start fusion-content-layout-column\"><\/div><\/div><\/div><\/div>\n","protected":false},"excerpt":{"rendered":"","protected":false},"author":4,"featured_media":0,"parent":4249,"menu_order":0,"comment_status":"closed","ping_status":"closed","template":"","meta":{"om_disable_all_campaigns":false,"inline_featured_image":false,"_monsterinsights_skip_tracking":false,"_monsterinsights_sitenote_active":false,"_monsterinsights_sitenote_note":"","_monsterinsights_sitenote_category":0,"_uf_show_specific_survey":0,"_uf_disable_surveys":false,"footnotes":""},"class_list":["post-5131","page","type-page","status-publish","hentry"],"aioseo_notices":[],"_links":{"self":[{"href":"https:\/\/kirurgia.ee\/fi\/wp-json\/wp\/v2\/pages\/5131","targetHints":{"allow":["GET"]}}],"collection":[{"href":"https:\/\/kirurgia.ee\/fi\/wp-json\/wp\/v2\/pages"}],"about":[{"href":"https:\/\/kirurgia.ee\/fi\/wp-json\/wp\/v2\/types\/page"}],"author":[{"embeddable":true,"href":"https:\/\/kirurgia.ee\/fi\/wp-json\/wp\/v2\/users\/4"}],"replies":[{"embeddable":true,"href":"https:\/\/kirurgia.ee\/fi\/wp-json\/wp\/v2\/comments?post=5131"}],"version-history":[{"count":7,"href":"https:\/\/kirurgia.ee\/fi\/wp-json\/wp\/v2\/pages\/5131\/revisions"}],"predecessor-version":[{"id":5152,"href":"https:\/\/kirurgia.ee\/fi\/wp-json\/wp\/v2\/pages\/5131\/revisions\/5152"}],"up":[{"embeddable":true,"href":"https:\/\/kirurgia.ee\/fi\/wp-json\/wp\/v2\/pages\/4249"}],"wp:attachment":[{"href":"https:\/\/kirurgia.ee\/fi\/wp-json\/wp\/v2\/media?parent=5131"}],"curies":[{"name":"wp","href":"https:\/\/api.w.org\/{rel}","templated":true}]}}