{"id":4495,"date":"2020-07-15T14:34:49","date_gmt":"2020-07-15T11:34:49","guid":{"rendered":"https:\/\/kirurgia.ee\/hinnasto\/plastiikakirurgia-hinnasto\/"},"modified":"2025-08-22T17:37:06","modified_gmt":"2025-08-22T14:37:06","slug":"plastiikakirurgian-hinnasto","status":"publish","type":"page","link":"https:\/\/kirurgia.ee\/fi\/hinnasto\/plastiikakirurgian-hinnasto\/","title":{"rendered":"Plastiikakirurgian hinnasto"},"content":{"rendered":"<div class=\"fusion-fullwidth fullwidth-box fusion-builder-row-1 fusion-flex-container nonhundred-percent-fullwidth non-hundred-percent-height-scrolling\" style=\"--awb-border-radius-top-left:0px;--awb-border-radius-top-right:0px;--awb-border-radius-bottom-right:0px;--awb-border-radius-bottom-left:0px;--awb-flex-wrap:wrap;\" ><div class=\"fusion-builder-row fusion-row fusion-flex-align-items-flex-start fusion-flex-content-wrap\" style=\"max-width:1497.6px;margin-left: calc(-4% \/ 2 );margin-right: calc(-4% \/ 2 );\"><div class=\"fusion-layout-column fusion_builder_column fusion-builder-column-0 fusion_builder_column_1_5 1_5 fusion-flex-column\" style=\"--awb-bg-size:cover;--awb-width-large:20%;--awb-margin-top-large:0px;--awb-spacing-right-large:9.6%;--awb-margin-bottom-large:20px;--awb-spacing-left-large:9.6%;--awb-width-medium:100%;--awb-order-medium:0;--awb-spacing-right-medium:1.92%;--awb-spacing-left-medium:1.92%;--awb-width-small:100%;--awb-order-small:0;--awb-spacing-right-small:1.92%;--awb-spacing-left-small:1.92%;\"><div class=\"fusion-column-wrapper fusion-column-has-shadow fusion-flex-justify-content-flex-start fusion-content-layout-column\"><\/div><\/div><div class=\"fusion-layout-column fusion_builder_column fusion-builder-column-1 fusion_builder_column_3_5 3_5 fusion-flex-column\" style=\"--awb-bg-size:cover;--awb-width-large:60%;--awb-margin-top-large:0px;--awb-spacing-right-large:3.2%;--awb-margin-bottom-large:20px;--awb-spacing-left-large:3.2%;--awb-width-medium:100%;--awb-order-medium:0;--awb-spacing-right-medium:1.92%;--awb-spacing-left-medium:1.92%;--awb-width-small:100%;--awb-order-small:0;--awb-spacing-right-small:1.92%;--awb-spacing-left-small:1.92%;\"><div class=\"fusion-column-wrapper fusion-column-has-shadow fusion-flex-justify-content-flex-start fusion-content-layout-column\"><div class=\"fusion-text fusion-text-1\"><p><em>Tarkka hinta selvi\u00e4\u00e4 konsultaatiossa.<\/em><\/p>\n<h2>Rinnat<\/h2>\n<p>Rintojen suurennus implanteilla &#8211; alk 4700 \u20ac<br \/>\nRintojen kohotus &#8211; alk 4800 \u20ac<br \/>\nRintojen pienennys &#8211; alk 4800 \u20ac<br \/>\nImplanttien vaihtaminen &#8211; alk 4500 \u20ac<br \/>\nRintojen suurennus ja kohotus implanteilla &#8211; alk 5200 \u20ac<br \/>\nLipofilling rinnat &#8211; alk 3800 \u20ac<br \/>\nImplanttien poisto &#8211; alk 3000 \u20ac<br \/>\nGynecomastia &#8211; alk 3000 \u20ac<\/p>\n<h2>Body<\/h2>\n<p>Vatsaplastiikka &#8211; alk 4600 \u20ac<br \/>\nMini vatsapeitteiden kiristys &#8211; alk 3500 \u20ac<br \/>\nRasvaimu 1 alue &#8211; alk 990 \u20ac<br \/>\nRasvaimu 2 alue &#8211; alk 2200 \u20ac<br \/>\nRasvaimu 4 alue &#8211; alk 2900 \u20ac<br \/>\nRasvaimu 6 alue &#8211; alk 3400 \u20ac<br \/>\nRasvaimu 8 alue &#8211; alk 4100 \u20ac<br \/>\nRasvaimu 10 alue &#8211; alk 4600 \u20ac<br \/>\nRasvaimu 12 alue &#8211; alk 5600 \u20ac<br \/>\nOlkavarsien plastiikka &#8211; alk 3200 \u20ac<br \/>\nReisien plastiikka &#8211; alk 4000 \u20ac<br \/>\nLipofilling (pakarat) &#8211; alk 4400 \u20ac<br \/>\nPakaran implanttien asennus &#8211; alk 5000 \u20ac<br \/>\nIntiimialueen plastiikka eli labioplastia &#8211; alk 1900 \u20ac<br \/>\nLuomen poisto &#8211; alk 300 \u20ac<br \/>\nIhonalaisen luomen (aterooman, lipooman) poisto &#8211; alk 300 \u20ac<br \/>\nLuomen poisto ja plastiikkakirurgia &#8211; alk 350 \u20ac<br \/>\nYmp\u00e4rileikkaus &#8211; alk 1850 \u20ac<br \/>\nHistologia &#8211; 100 \u20ac<\/p>\n<h2>Kasvot ja kaula<\/h2>\n<p>Kasvojen ja kaulan korjaaminen &#8211; alk 7500 \u20ac<br \/>\nKasvojen ja kaulan korjaaminen (mini) &#8211; alk 4200 \u20ac<br \/>\nOtsan ja kulmien plastiikka &#8211; alk 2290 \u20ac<br \/>\nPelkk\u00e4 yl\u00e4luomien korjaus &#8211; alk 1800 \u20ac<br \/>\nPelkk\u00e4 alaluomien korjaus &#8211; alk 2000 \u20ac<br \/>\nYl\u00e4 \u2013 ja alaluomien korjaus &#8211; alk 3400 \u20ac<br \/>\nPieni nen\u00e4leikkaus (esim. kyhmyn poistaminen) &#8211; alk 3000 \u20ac<br \/>\nNen\u00e4np\u00e4\u00e4n korjaaminen &#8211; alk 4000 \u20ac<br \/>\nNen\u00e4np\u00e4\u00e4n ja -varren korjaaminen &#8211; alk 5000-5500 \u20ac<br \/>\nNen\u00e4n ep\u00e4muodostuman korjaaminen &#8211; alk 6000 \u20ac<br \/>\nK\u00e4yr\u00e4n nen\u00e4n korjaaminen, keskim\u00e4\u00e4r\u00e4inen vaikeusaste &#8211; alk 3500 \u20ac<br \/>\nKorvalehden plastiikka, yksi korva &#8211; alk 1600 \u20ac<br \/>\nKorvien plastiikka, molemmat korvat &#8211; alk 2400 \u20ac<br \/>\nLipofilling kasvot &#8211; alk 1800 \u20ac<br \/>\nLip Lift &#8211; alk 1700 \u20ac<\/p>\n<h2>Muut palvelut<\/h2>\n<p>Ylim\u00e4\u00e4r\u00e4inen y\u00f6 sairaalassa\/Yksityinen potilashuone &#8211; 300 \u20ac\/350\u20ac<br \/>\nSaumojen poistaminen &#8211; 15 \u20ac<\/p>\n<p><em>* Leikkausten hintoihin sis\u00e4ltyy leikkaus, anestesia, sairaalassa oleskelu, ateriat, tukihoito, l\u00e4\u00e4kitys ja leikkauksen j\u00e4lkeiset vierailut.<\/em><\/p>\n<\/div><\/div><\/div><div class=\"fusion-layout-column fusion_builder_column fusion-builder-column-2 fusion_builder_column_1_5 1_5 fusion-flex-column\" style=\"--awb-bg-size:cover;--awb-width-large:20%;--awb-margin-top-large:0px;--awb-spacing-right-large:9.6%;--awb-margin-bottom-large:20px;--awb-spacing-left-large:9.6%;--awb-width-medium:100%;--awb-order-medium:0;--awb-spacing-right-medium:1.92%;--awb-spacing-left-medium:1.92%;--awb-width-small:100%;--awb-order-small:0;--awb-spacing-right-small:1.92%;--awb-spacing-left-small:1.92%;\"><div class=\"fusion-column-wrapper fusion-column-has-shadow fusion-flex-justify-content-flex-start fusion-content-layout-column\"><\/div><\/div><\/div><\/div>\n","protected":false},"excerpt":{"rendered":"","protected":false},"author":4,"featured_media":0,"parent":315,"menu_order":62,"comment_status":"closed","ping_status":"closed","template":"","meta":{"om_disable_all_campaigns":false,"inline_featured_image":false,"_monsterinsights_skip_tracking":false,"_monsterinsights_sitenote_active":false,"_monsterinsights_sitenote_note":"","_monsterinsights_sitenote_category":0,"_uf_show_specific_survey":0,"_uf_disable_surveys":false,"footnotes":""},"class_list":["post-4495","page","type-page","status-publish","hentry"],"aioseo_notices":[],"_links":{"self":[{"href":"https:\/\/kirurgia.ee\/fi\/wp-json\/wp\/v2\/pages\/4495","targetHints":{"allow":["GET"]}}],"collection":[{"href":"https:\/\/kirurgia.ee\/fi\/wp-json\/wp\/v2\/pages"}],"about":[{"href":"https:\/\/kirurgia.ee\/fi\/wp-json\/wp\/v2\/types\/page"}],"author":[{"embeddable":true,"href":"https:\/\/kirurgia.ee\/fi\/wp-json\/wp\/v2\/users\/4"}],"replies":[{"embeddable":true,"href":"https:\/\/kirurgia.ee\/fi\/wp-json\/wp\/v2\/comments?post=4495"}],"version-history":[{"count":24,"href":"https:\/\/kirurgia.ee\/fi\/wp-json\/wp\/v2\/pages\/4495\/revisions"}],"predecessor-version":[{"id":10422,"href":"https:\/\/kirurgia.ee\/fi\/wp-json\/wp\/v2\/pages\/4495\/revisions\/10422"}],"up":[{"embeddable":true,"href":"https:\/\/kirurgia.ee\/fi\/wp-json\/wp\/v2\/pages\/315"}],"wp:attachment":[{"href":"https:\/\/kirurgia.ee\/fi\/wp-json\/wp\/v2\/media?parent=4495"}],"curies":[{"name":"wp","href":"https:\/\/api.w.org\/{rel}","templated":true}]}}