{"id":4490,"date":"2020-07-15T14:13:41","date_gmt":"2020-07-15T11:13:41","guid":{"rendered":"https:\/\/kirurgia.ee\/hinnasto\/kauneuspistokset\/"},"modified":"2022-02-06T13:56:24","modified_gmt":"2022-02-06T10:56:24","slug":"kauneuspistokset","status":"publish","type":"page","link":"https:\/\/kirurgia.ee\/fi\/hinnasto\/kauneuspistokset\/","title":{"rendered":"Kauneuspistokset"},"content":{"rendered":"<div class=\"fusion-fullwidth fullwidth-box fusion-builder-row-1 nonhundred-percent-fullwidth non-hundred-percent-height-scrolling\" style=\"--awb-border-radius-top-left:0px;--awb-border-radius-top-right:0px;--awb-border-radius-bottom-right:0px;--awb-border-radius-bottom-left:0px;--awb-flex-wrap:wrap;\" ><div class=\"fusion-builder-row fusion-row\"><div class=\"fusion-layout-column fusion_builder_column fusion-builder-column-0 fusion_builder_column_1_5 1_5 fusion-one-fifth fusion-column-first\" style=\"--awb-bg-size:cover;width:20%;width:calc(20% - ( ( 4% + 4% ) * 0.2 ) );margin-right: 4%;\"><div class=\"fusion-column-wrapper fusion-column-has-shadow fusion-flex-column-wrapper-legacy\"><div class=\"fusion-clearfix\"><\/div><\/div><\/div><div class=\"fusion-layout-column fusion_builder_column fusion-builder-column-1 fusion_builder_column_3_5 3_5 fusion-three-fifth\" style=\"--awb-bg-size:cover;width:60%;width:calc(60% - ( ( 4% + 4% ) * 0.6 ) );margin-right: 4%;\"><div class=\"fusion-column-wrapper fusion-column-has-shadow fusion-flex-column-wrapper-legacy\"><div class=\"fusion-text fusion-text-1\"><div class=\"price-table\">\n<table>\n<tbody>\n<tr>\n<td><strong>Konsultaatio<\/strong><\/td>\n<td>70 \u20ac<\/td>\n<\/tr>\n<tr>\n<td><strong>LAHJAKORTTI<\/strong><\/td>\n<td>100 \u20ac, 250 \u20ac ja 500 \u20ac<\/td>\n<\/tr>\n<\/tbody>\n<\/table>\n<\/div>\n<\/div><div class=\"fusion-title title fusion-title-1 fusion-sep-none fusion-title-text fusion-title-size-one\"><h1 class=\"fusion-title-heading title-heading-left\" style=\"margin:0;\"><h1 class=\"entry-title\">Kauneuspistokset<\/h1><\/h1><\/div><div class=\"accordian fusion-accordian\" style=\"--awb-border-size:1px;--awb-icon-size:20px;--awb-content-font-size:18px;--awb-icon-alignment:left;--awb-hover-color:#f9f9f9;--awb-border-color:#cccccc;--awb-background-color:#ffffff;--awb-divider-color:#e0dede;--awb-divider-hover-color:#e0dede;--awb-icon-color:#ffffff;--awb-title-color:#648b9d;--awb-content-color:#747474;--awb-icon-box-color:#333333;--awb-toggle-hover-accent-color:#648b9d;--awb-title-font-family:&quot;Cabin&quot;;--awb-title-font-weight:700;--awb-title-font-style:normal;--awb-content-font-family:&quot;Roboto&quot;;--awb-content-font-style:normal;--awb-content-font-weight:400;\"><div class=\"panel-group fusion-toggle-icon-boxed\" id=\"accordion-4490-1\"><div class=\"fusion-panel panel-default panel-919c3a315ed831e56 fusion-toggle-no-divider fusion-toggle-boxed-mode\"><div class=\"panel-heading\"><h4 class=\"panel-title toggle\" id=\"toggle_919c3a315ed831e56\"><a aria-expanded=\"false\" aria-controls=\"919c3a315ed831e56\" role=\"button\" data-toggle=\"collapse\" data-target=\"#919c3a315ed831e56\" href=\"#919c3a315ed831e56\"><span class=\"fusion-toggle-icon-wrapper\" aria-hidden=\"true\"><i class=\"fa-fusion-box active-icon awb-icon-minus\" aria-hidden=\"true\"><\/i><i class=\"fa-fusion-box inactive-icon awb-icon-plus\" aria-hidden=\"true\"><\/i><\/span><span class=\"fusion-toggle-heading\">T\u00e4ytepistokset<\/span><\/a><\/h4><\/div><div id=\"919c3a315ed831e56\" class=\"panel-collapse collapse \" aria-labelledby=\"toggle_919c3a315ed831e56\"><div class=\"panel-body toggle-content fusion-clearfix\">\n<p>Juvederm Volux (1 ml) &#8211; 425 \u20ac<br \/>\nJuvederm Ultra 2, 3, 4 (1 ml) \u2013 325 \u20ac<br \/>\nJuvederm Smile \u2013 280 \u20ac<br \/>\nJuvederm Voluma (1 ml) \u2013 400 \u20ac<br \/>\nJuvederm Volbella (1 ml) \u2013 360 \u20ac<br \/>\nJuvederm Volift (1 ml) \u2013 360 \u20ac<br \/>\nJuvederm Volift (0,55 ml) \u2013 280 \u20ac<br \/>\nFiller Facelift (3 ml) &#8211; 999 \u20ac<br \/>\nNeauvia Organic Rheology (1 ml) &#8211; 320 \u20ac<br \/>\nNeauvia Organic Intense Flux\/Man (1 ml) &#8211; 340 \u20ac<br \/>\nNeauvia Organic Lips (1 ml) &#8211; 280 \u20ac<br \/>\nNeauvia Organic Stimulate (1 ml) &#8211; 360 \u20ac<br \/>\nNeauvia Organic Rose (intiimi alue) &#8211; 255 \u20ac<\/p>\n<\/div><\/div><\/div><div class=\"fusion-panel panel-default panel-4978ab9f03c30dbbb fusion-toggle-no-divider fusion-toggle-boxed-mode\"><div class=\"panel-heading\"><h4 class=\"panel-title toggle\" id=\"toggle_4978ab9f03c30dbbb\"><a aria-expanded=\"false\" aria-controls=\"4978ab9f03c30dbbb\" role=\"button\" data-toggle=\"collapse\" data-target=\"#4978ab9f03c30dbbb\" href=\"#4978ab9f03c30dbbb\"><span class=\"fusion-toggle-icon-wrapper\" aria-hidden=\"true\"><i class=\"fa-fusion-box active-icon awb-icon-minus\" aria-hidden=\"true\"><\/i><i class=\"fa-fusion-box inactive-icon awb-icon-plus\" aria-hidden=\"true\"><\/i><\/span><span class=\"fusion-toggle-heading\">Biorevitalisaatio<\/span><\/a><\/h4><\/div><div id=\"4978ab9f03c30dbbb\" class=\"panel-collapse collapse \" aria-labelledby=\"toggle_4978ab9f03c30dbbb\"><div class=\"panel-body toggle-content fusion-clearfix\">\n<p>French Touch Facelift (4-6 ml) &#8211; 1300-1600 \u20ac<br \/>\nVolite (1 ml) &#8211; 325 \u20ac<br \/>\nVolite (2 ml) &#8211; 550\u00a0\u20ac<br \/>\nHydrate (1 ml) &#8211; 180\u00a0\u20ac<br \/>\nPeptidyal HX (2,5 ml) &#8211; 280 \u20ac<br \/>\nNeauvia Hydro Deluxe (2,5 ml) &#8211; 280 \u20ac<\/p>\n<\/div><\/div><\/div><div class=\"fusion-panel panel-default panel-4963ceceb3990fbe2 fusion-toggle-no-divider fusion-toggle-boxed-mode\"><div class=\"panel-heading\"><h4 class=\"panel-title toggle\" id=\"toggle_4963ceceb3990fbe2\"><a aria-expanded=\"false\" aria-controls=\"4963ceceb3990fbe2\" role=\"button\" data-toggle=\"collapse\" data-target=\"#4963ceceb3990fbe2\" href=\"#4963ceceb3990fbe2\"><span class=\"fusion-toggle-icon-wrapper\" aria-hidden=\"true\"><i class=\"fa-fusion-box active-icon awb-icon-minus\" aria-hidden=\"true\"><\/i><i class=\"fa-fusion-box inactive-icon awb-icon-plus\" aria-hidden=\"true\"><\/i><\/span><span class=\"fusion-toggle-heading\">Botuliinipistokset<\/span><\/a><\/h4><\/div><div id=\"4963ceceb3990fbe2\" class=\"panel-collapse collapse \" aria-labelledby=\"toggle_4963ceceb3990fbe2\"><div class=\"panel-body toggle-content fusion-clearfix\">\n<p>Otsan \u201dvihan ryppy\u201d &#8211; 230 \u20ac<br \/>\nOtsan vaakasuuntaiset rypyt &#8211; 200 \u20ac<br \/>\nSilmien ymp\u00e4rys &#8211; 230 \u20ac<br \/>\nKoko otsa &#8211; 390 \u20ac<br \/>\nOtsan \u201dvihan ryppy\u201d ja silm\u00e4n ymp\u00e4rys &#8211; 390 \u20ac<br \/>\nKoko otsa ja silmien ymp\u00e4rys &#8211; 450\u00a0\u20ac<br \/>\nNen\u00e4n vaakasuuntaiset rypyt &#8211; 100 \u20ac<br \/>\nSuun ymp\u00e4rys &#8211; 100\u00a0\u20ac<br \/>\nSuunurkat &#8211; 115\u00a0\u20ac<br \/>\nEp\u00e4tasainen leuka &#8211; 115\u00a0\u20ac<br \/>\nSuunurkat ja ep\u00e4tasainen leuka &#8211; 190\u00a0\u20ac<br \/>\nKaulan vaakasuuntaiset rypyt &#8211; 250 \u20ac<br \/>\nLeukalinjan etuosan korjaaminen &#8211; 200 \u20ac<br \/>\nKasvojen alaosan hoikentaminen &#8211; 390 \u20ac<br \/>\nKoko kasvot &#8211; 560 \u20ac<br \/>\nKaulan pystysuuntaiset lihaslinjat (\u201dkalkkunankaula\u201d) &#8211; 250 \u20ac<br \/>\nPRP plasmalifting (22 ml) &#8211; 450 \u20ac<br \/>\nPRP plasmalifting (11 ml) &#8211; 380 \u20ac<\/p>\n<\/div><\/div><\/div><div class=\"fusion-panel panel-default panel-e3863221190321ad8 fusion-toggle-no-divider fusion-toggle-boxed-mode\"><div class=\"panel-heading\"><h4 class=\"panel-title toggle\" id=\"toggle_e3863221190321ad8\"><a aria-expanded=\"false\" aria-controls=\"e3863221190321ad8\" role=\"button\" data-toggle=\"collapse\" data-target=\"#e3863221190321ad8\" href=\"#e3863221190321ad8\"><span class=\"fusion-toggle-icon-wrapper\" aria-hidden=\"true\"><i class=\"fa-fusion-box active-icon awb-icon-minus\" aria-hidden=\"true\"><\/i><i class=\"fa-fusion-box inactive-icon awb-icon-plus\" aria-hidden=\"true\"><\/i><\/span><span class=\"fusion-toggle-heading\">Botuliinipistokset liikahikoilua vastaan<\/span><\/a><\/h4><\/div><div id=\"e3863221190321ad8\" class=\"panel-collapse collapse \" aria-labelledby=\"toggle_e3863221190321ad8\"><div class=\"panel-body toggle-content fusion-clearfix\">\n<p>Liikahikoilua vastaan, aksillaarialue eli kainalot &#8211; 500 \u20ac<br \/>\nLiikahikoilua vastaan, k\u00e4mmenet &#8211; 650 \u20ac<br \/>\nLiikahikoilua vastaan, jalkater\u00e4t &#8211; 850 \u20ac<br \/>\nLiikahikoilua vastaan, p\u00e4\u00e4nahka &#8211; 550 \u20ac<\/p>\n<\/div><\/div><\/div><div class=\"fusion-panel panel-default panel-e6b0ead18bb70f64f fusion-toggle-no-divider fusion-toggle-boxed-mode\"><div class=\"panel-heading\"><h4 class=\"panel-title toggle\" id=\"toggle_e6b0ead18bb70f64f\"><a aria-expanded=\"false\" aria-controls=\"e6b0ead18bb70f64f\" role=\"button\" data-toggle=\"collapse\" data-target=\"#e6b0ead18bb70f64f\" href=\"#e6b0ead18bb70f64f\"><span class=\"fusion-toggle-icon-wrapper\" aria-hidden=\"true\"><i class=\"fa-fusion-box active-icon awb-icon-minus\" aria-hidden=\"true\"><\/i><i class=\"fa-fusion-box inactive-icon awb-icon-plus\" aria-hidden=\"true\"><\/i><\/span><span class=\"fusion-toggle-heading\">Kasvojen muokkaus kartiolankoilla<\/span><\/a><\/h4><\/div><div id=\"e6b0ead18bb70f64f\" class=\"panel-collapse collapse \" aria-labelledby=\"toggle_e6b0ead18bb70f64f\"><div class=\"panel-body toggle-content fusion-clearfix\">\n<div class=\"price-table\">\n<div class=\"price-table\">\n<p>Sihlouette Soft 1 pari &#8211; 690 \u20ac<br \/>\nSihlouette Soft 2 pari &#8211; 1050 \u20ac<br \/>\nBelkyra ensimm\u00e4inen toimenpide &#8211; 1200 \u20ac<br \/>\nBelkyra jokainen seuraava toimenpide &#8211; 750 \u20ac<\/p>\n<p><em>* Jos injektiomenetelm\u00e4 suoritetaan konsultaation aikana, hoidon kustannukset v\u00e4hennet\u00e4\u00e4n hoidon kokonaiskustannuksista.<\/em><\/p>\n<\/div>\n<\/div>\n<\/div><\/div><\/div><\/div><\/div><div class=\"fusion-clearfix\"><\/div><\/div><\/div><div class=\"fusion-layout-column fusion_builder_column fusion-builder-column-2 fusion_builder_column_1_5 1_5 fusion-one-fifth fusion-column-last\" style=\"--awb-bg-size:cover;width:20%;width:calc(20% - ( ( 4% + 4% ) * 0.2 ) );\"><div class=\"fusion-column-wrapper fusion-column-has-shadow fusion-flex-column-wrapper-legacy\"><div class=\"fusion-clearfix\"><\/div><\/div><\/div><\/div><\/div>\n","protected":false},"excerpt":{"rendered":"","protected":false},"author":4,"featured_media":0,"parent":315,"menu_order":60,"comment_status":"closed","ping_status":"closed","template":"","meta":{"om_disable_all_campaigns":false,"inline_featured_image":false,"_monsterinsights_skip_tracking":false,"_monsterinsights_sitenote_active":false,"_monsterinsights_sitenote_note":"","_monsterinsights_sitenote_category":0,"_uf_show_specific_survey":0,"_uf_disable_surveys":false,"footnotes":""},"class_list":["post-4490","page","type-page","status-publish","hentry"],"aioseo_notices":[],"_links":{"self":[{"href":"https:\/\/kirurgia.ee\/fi\/wp-json\/wp\/v2\/pages\/4490","targetHints":{"allow":["GET"]}}],"collection":[{"href":"https:\/\/kirurgia.ee\/fi\/wp-json\/wp\/v2\/pages"}],"about":[{"href":"https:\/\/kirurgia.ee\/fi\/wp-json\/wp\/v2\/types\/page"}],"author":[{"embeddable":true,"href":"https:\/\/kirurgia.ee\/fi\/wp-json\/wp\/v2\/users\/4"}],"replies":[{"embeddable":true,"href":"https:\/\/kirurgia.ee\/fi\/wp-json\/wp\/v2\/comments?post=4490"}],"version-history":[{"count":11,"href":"https:\/\/kirurgia.ee\/fi\/wp-json\/wp\/v2\/pages\/4490\/revisions"}],"predecessor-version":[{"id":7170,"href":"https:\/\/kirurgia.ee\/fi\/wp-json\/wp\/v2\/pages\/4490\/revisions\/7170"}],"up":[{"embeddable":true,"href":"https:\/\/kirurgia.ee\/fi\/wp-json\/wp\/v2\/pages\/315"}],"wp:attachment":[{"href":"https:\/\/kirurgia.ee\/fi\/wp-json\/wp\/v2\/media?parent=4490"}],"curies":[{"name":"wp","href":"https:\/\/api.w.org\/{rel}","templated":true}]}}