{"id":315,"date":"2019-04-29T11:19:13","date_gmt":"2019-04-29T11:19:13","guid":{"rendered":"https:\/\/kirurgia.ee\/hinnasto\/"},"modified":"2025-10-14T17:22:01","modified_gmt":"2025-10-14T14:22:01","slug":"hinnasto","status":"publish","type":"page","link":"https:\/\/kirurgia.ee\/fi\/hinnasto\/","title":{"rendered":"Hinnasto"},"content":{"rendered":"<p><div class=\"fusion-fullwidth fullwidth-box fusion-builder-row-1 nonhundred-percent-fullwidth non-hundred-percent-height-scrolling\" style=\"--awb-border-radius-top-left:0px;--awb-border-radius-top-right:0px;--awb-border-radius-bottom-right:0px;--awb-border-radius-bottom-left:0px;--awb-flex-wrap:wrap;\" ><div class=\"fusion-builder-row fusion-row\"><div class=\"fusion-layout-column fusion_builder_column fusion-builder-column-0 fusion_builder_column_1_5 1_5 fusion-one-fifth fusion-column-first\" style=\"--awb-bg-size:cover;width:20%;width:calc(20% - ( ( 4% + 4% ) * 0.2 ) );margin-right: 4%;\"><div class=\"fusion-column-wrapper fusion-column-has-shadow fusion-flex-column-wrapper-legacy\"><div class=\"fusion-clearfix\"><\/div><\/div><\/div><div class=\"fusion-layout-column fusion_builder_column fusion-builder-column-1 fusion_builder_column_3_5 3_5 fusion-three-fifth\" style=\"--awb-bg-size:cover;width:60%;width:calc(60% - ( ( 4% + 4% ) * 0.6 ) );margin-right: 4%;\"><div class=\"fusion-column-wrapper fusion-column-has-shadow fusion-flex-column-wrapper-legacy\"><div class=\"fusion-text fusion-text-1\"><p><strong>Konsultaatio <\/strong>70 \u20ac<\/p>\n<p>Dr Simmo konsultaatio 100 \u20ac<\/p>\n<p><strong>LAHJAKORTTI <\/strong>100\u00a0\u20ac, 250 \u20ac, 500 \u20ac<\/p>\n<\/div><div class=\"fusion-title title fusion-title-1 fusion-sep-none fusion-title-text fusion-title-size-one\"><h1 class=\"fusion-title-heading title-heading-left\" style=\"margin:0;\"><h1>Plastiikkakirurgia<\/h1><\/h1><\/div><div class=\"fusion-text fusion-text-2\"><p><em>Tarkka hinta selvi\u00e4\u00e4 konsultaatiossa.<\/em><\/p>\n<p><em>Leikkausten hintoihin sis\u00e4ltyy leikkaus, anestesia, sairaalassa oleskelu, ateriat, tukihoito, l\u00e4\u00e4kitys ja leikkauksen j\u00e4lkeiset vierailut.<\/em><\/p>\n<\/div><div class=\"accordian fusion-accordian\" style=\"--awb-border-size:1px;--awb-icon-size:20px;--awb-content-font-size:18px;--awb-icon-alignment:left;--awb-hover-color:#f9f9f9;--awb-border-color:#cccccc;--awb-background-color:#ffffff;--awb-divider-color:#e0dede;--awb-divider-hover-color:#e0dede;--awb-icon-color:#ffffff;--awb-title-color:#648b9d;--awb-content-color:#747474;--awb-icon-box-color:#333333;--awb-toggle-hover-accent-color:#648b9d;--awb-title-font-family:&quot;Cabin&quot;;--awb-title-font-weight:700;--awb-title-font-style:normal;--awb-content-font-family:&quot;Roboto&quot;;--awb-content-font-style:normal;--awb-content-font-weight:400;\"><div class=\"panel-group fusion-toggle-icon-boxed\" id=\"accordion-315-1\"><div class=\"fusion-panel panel-default panel-7db1d6c8d5533e758 fusion-toggle-no-divider fusion-toggle-boxed-mode\" style=\"--awb-title-color:#648b9d;\"><div class=\"panel-heading\"><h4 class=\"panel-title toggle\" id=\"toggle_7db1d6c8d5533e758\"><a aria-expanded=\"false\" aria-controls=\"7db1d6c8d5533e758\" role=\"button\" data-toggle=\"collapse\" data-target=\"#7db1d6c8d5533e758\" href=\"#7db1d6c8d5533e758\"><span class=\"fusion-toggle-icon-wrapper\" aria-hidden=\"true\"><i class=\"fa-fusion-box active-icon awb-icon-minus\" aria-hidden=\"true\"><\/i><i class=\"fa-fusion-box inactive-icon awb-icon-plus\" aria-hidden=\"true\"><\/i><\/span><span class=\"fusion-toggle-heading\">Plastiikkakirurgian hinnasto<\/span><\/a><\/h4><\/div><div id=\"7db1d6c8d5533e758\" class=\"panel-collapse collapse \" aria-labelledby=\"toggle_7db1d6c8d5533e758\"><div class=\"panel-body toggle-content fusion-clearfix\">\n<h2>Rinnat<\/h2>\n<p>Rintojen suurennus implanteilla &#8211; alk 4700 \u20ac<br \/>\nRintojen kohotus &#8211; alk 4800 \u20ac<br \/>\nRintojen pienennys &#8211; alk 4800 \u20ac<br \/>\nImplanttien vaihtaminen &#8211; alk 4500 \u20ac<br \/>\nRintojen suurennus ja kohotus implanteilla &#8211; alk 5200 \u20ac<br \/>\nLipofilling rinnat &#8211; alk 3800 \u20ac<br \/>\nImplanttien poisto &#8211; alk 3000 \u20ac<br \/>\nGynecomastia &#8211; alk 3000 \u20ac<\/p>\n<h2>Body<\/h2>\n<p>Vatsaplastiikka &#8211; alk 4600 \u20ac<br \/>\nMini vatsapeitteiden kiristys &#8211; alk 3500 \u20ac<br \/>\nRasvaimu 1 alue &#8211; alk 990 \u20ac<br \/>\nRasvaimu 2 alue &#8211; alk 2200 \u20ac<br \/>\nRasvaimu 4 alue &#8211; alk 2900 \u20ac<br \/>\nRasvaimu 6 alue &#8211; alk 3400 \u20ac<br \/>\nRasvaimu 8 alue &#8211; alk 4100 \u20ac<br \/>\nRasvaimu 10 alue &#8211; alk 4600 \u20ac<br \/>\nRasvaimu 12 alue &#8211; alk 5600 \u20ac<br \/>\nOlkavarsien plastiikka &#8211; alk 3200 \u20ac<br \/>\nReisien plastiikka &#8211; alk 4000 \u20ac<br \/>\nLipofilling (pakarat) &#8211; alk 4400 \u20ac<br \/>\nPakaran implanttien asennus &#8211; alk 5000 \u20ac<br \/>\nIntiimialueen plastiikka eli labioplastia &#8211; alk 1900 \u20ac<br \/>\nLuomen poisto &#8211; alk 300 \u20ac<br \/>\nIhonalaisen luomen (aterooman, lipooman) poisto &#8211; alk 300 \u20ac<br \/>\nLuomen poisto ja plastiikkakirurgia &#8211; alk 350 \u20ac<br \/>\nYmp\u00e4rileikkaus &#8211; alk 1850 \u20ac<br \/>\nHistologia &#8211; alk 100 \u20ac<\/p>\n<h2>Kasvot ja kaula<\/h2>\n<p>Kasvojen ja kaulan korjaaminen &#8211; alk 7500 \u20ac<br \/>\nKasvojen ja kaulan korjaaminen (mini) &#8211; alk 4200 \u20ac<br \/>\nOtsan ja kulmien plastiikka &#8211; alk 2290 \u20ac<br \/>\nPelkk\u00e4 yl\u00e4luomien korjaus &#8211; alk 1800 \u20ac<br \/>\nPelkk\u00e4 alaluomien korjaus &#8211; alk 2000 \u20ac<br \/>\nYl\u00e4 \u2013 ja alaluomien korjaus &#8211; alk 3400 \u20ac<br \/>\nPieni nen\u00e4leikkaus (esim. kyhmyn poistaminen) &#8211; alk 3000 \u20ac<br \/>\nNen\u00e4np\u00e4\u00e4n korjaaminen &#8211; alk 4000 \u20ac<br \/>\nNen\u00e4np\u00e4\u00e4n ja -varren korjaaminen &#8211; alk 5000-5500 \u20ac<br \/>\nNen\u00e4n ep\u00e4muodostuman korjaaminen &#8211; alk 6000 \u20ac<br \/>\nK\u00e4yr\u00e4n nen\u00e4n korjaaminen, keskim\u00e4\u00e4r\u00e4inen vaikeusaste &#8211; alk 3500 \u20ac<br \/>\nKorvalehden plastiikka, yksi korva &#8211; alk 1600 \u20ac<br \/>\nKorvien plastiikka, molemmat korvat &#8211; alk 2400 \u20ac<br \/>\nLipofilling kasvot &#8211; alk 1800 \u20ac<br \/>\nLip Lift &#8211; alk 1700 \u20ac<\/p>\n<h2>Muut palvelut<\/h2>\n<p>Ylim\u00e4\u00e4r\u00e4inen y\u00f6 sairaalassa\/Yksityinen potilashuone &#8211; 300 \u20ac\/350\u20ac<br \/>\nSaumojen poistaminen &#8211; 15 \u20ac<\/p>\n<\/div><\/div><\/div><\/div><\/div><div class=\"fusion-clearfix\"><\/div><\/div><\/div><div class=\"fusion-layout-column fusion_builder_column fusion-builder-column-2 fusion_builder_column_1_5 1_5 fusion-one-fifth fusion-column-last\" style=\"--awb-bg-size:cover;width:20%;width:calc(20% - ( ( 4% + 4% ) * 0.2 ) );\"><div class=\"fusion-column-wrapper fusion-column-has-shadow fusion-flex-column-wrapper-legacy\"><div class=\"fusion-clearfix\"><\/div><\/div><\/div><\/div><\/div><div class=\"fusion-fullwidth fullwidth-box fusion-builder-row-2 nonhundred-percent-fullwidth non-hundred-percent-height-scrolling\" style=\"--awb-border-radius-top-left:0px;--awb-border-radius-top-right:0px;--awb-border-radius-bottom-right:0px;--awb-border-radius-bottom-left:0px;--awb-flex-wrap:wrap;\" ><div class=\"fusion-builder-row fusion-row\"><div class=\"fusion-layout-column fusion_builder_column fusion-builder-column-3 fusion_builder_column_1_5 1_5 fusion-one-fifth fusion-column-first\" style=\"--awb-bg-size:cover;width:20%;width:calc(20% - ( ( 4% + 4% ) * 0.2 ) );margin-right: 4%;\"><div class=\"fusion-column-wrapper fusion-column-has-shadow fusion-flex-column-wrapper-legacy\"><div class=\"fusion-clearfix\"><\/div><\/div><\/div><div class=\"fusion-layout-column fusion_builder_column fusion-builder-column-4 fusion_builder_column_3_5 3_5 fusion-three-fifth\" style=\"--awb-bg-size:cover;width:60%;width:calc(60% - ( ( 4% + 4% ) * 0.6 ) );margin-right: 4%;\"><div class=\"fusion-column-wrapper fusion-column-has-shadow fusion-flex-column-wrapper-legacy\"><div class=\"fusion-title title fusion-title-2 fusion-sep-none fusion-title-text fusion-title-size-one\"><h1 class=\"fusion-title-heading title-heading-left\" style=\"margin:0;\"><h1 class=\"entry-title\">Kauneuspistokset<\/h1><\/h1><\/div><div class=\"accordian fusion-accordian\" style=\"--awb-border-size:1px;--awb-icon-size:20px;--awb-content-font-size:18px;--awb-icon-alignment:left;--awb-hover-color:#f9f9f9;--awb-border-color:#cccccc;--awb-background-color:#ffffff;--awb-divider-color:#e0dede;--awb-divider-hover-color:#e0dede;--awb-icon-color:#ffffff;--awb-title-color:#648b9d;--awb-content-color:#747474;--awb-icon-box-color:#333333;--awb-toggle-hover-accent-color:#648b9d;--awb-title-font-family:&quot;Cabin&quot;;--awb-title-font-weight:700;--awb-title-font-style:normal;--awb-content-font-family:&quot;Roboto&quot;;--awb-content-font-style:normal;--awb-content-font-weight:400;\"><div class=\"panel-group fusion-toggle-icon-boxed\" id=\"accordion-315-2\"><div class=\"fusion-panel panel-default panel-5a745520d5821ed52 fusion-toggle-no-divider fusion-toggle-boxed-mode\"><div class=\"panel-heading\"><h4 class=\"panel-title toggle\" id=\"toggle_5a745520d5821ed52\"><a aria-expanded=\"false\" aria-controls=\"5a745520d5821ed52\" role=\"button\" data-toggle=\"collapse\" data-target=\"#5a745520d5821ed52\" href=\"#5a745520d5821ed52\"><span class=\"fusion-toggle-icon-wrapper\" aria-hidden=\"true\"><i class=\"fa-fusion-box active-icon awb-icon-minus\" aria-hidden=\"true\"><\/i><i class=\"fa-fusion-box inactive-icon awb-icon-plus\" aria-hidden=\"true\"><\/i><\/span><span class=\"fusion-toggle-heading\">T\u00e4ytepistokset<\/span><\/a><\/h4><\/div><div id=\"5a745520d5821ed52\" class=\"panel-collapse collapse \" aria-labelledby=\"toggle_5a745520d5821ed52\"><div class=\"panel-body toggle-content fusion-clearfix\">\n<p>Juvederm Volux (1 ml) &#8211; 425 \u20ac<br \/>\nJuvederm Ultra 2, 3, 4 (1 ml) \u2013 325 \u20ac<br \/>\nJuvederm Smile \u2013 280 \u20ac<br \/>\nJuvederm Voluma (1 ml) \u2013 400 \u20ac<br \/>\nJuvederm Volbella (1 ml) \u2013 360 \u20ac<br \/>\nJuvederm Volift (1 ml) \u2013 360 \u20ac<br \/>\nJuvederm Volift (0,55 ml) \u2013 280 \u20ac<br \/>\nFiller Facelift (3 ml) &#8211; 999 \u20ac<br \/>\nNeauvia Organic Rheology (1 ml) &#8211; 320 \u20ac<br \/>\nNeauvia Organic Intense Flux\/Man (1 ml) &#8211; 340 \u20ac<br \/>\nNeauvia Organic Lips (1 ml) &#8211; 280 \u20ac<br \/>\nNeauvia Organic Stimulate (1 ml) &#8211; 360 \u20ac<br \/>\nNeauvia Organic Rose (intiimi alue) &#8211; 255 \u20ac<\/p>\n<\/div><\/div><\/div><div class=\"fusion-panel panel-default panel-b3770fe676c266a94 fusion-toggle-no-divider fusion-toggle-boxed-mode\"><div class=\"panel-heading\"><h4 class=\"panel-title toggle\" id=\"toggle_b3770fe676c266a94\"><a aria-expanded=\"false\" aria-controls=\"b3770fe676c266a94\" role=\"button\" data-toggle=\"collapse\" data-target=\"#b3770fe676c266a94\" href=\"#b3770fe676c266a94\"><span class=\"fusion-toggle-icon-wrapper\" aria-hidden=\"true\"><i class=\"fa-fusion-box active-icon awb-icon-minus\" aria-hidden=\"true\"><\/i><i class=\"fa-fusion-box inactive-icon awb-icon-plus\" aria-hidden=\"true\"><\/i><\/span><span class=\"fusion-toggle-heading\">Biorevitalisaatio<\/span><\/a><\/h4><\/div><div id=\"b3770fe676c266a94\" class=\"panel-collapse collapse \" aria-labelledby=\"toggle_b3770fe676c266a94\"><div class=\"panel-body toggle-content fusion-clearfix\">\n<p>French Touch Facelift (4-6 ml) &#8211; 1300-1600 \u20ac<br \/>\nVolite (1 ml) &#8211; 325 \u20ac<br \/>\nVolite (2 ml) &#8211; 550\u00a0\u20ac<br \/>\nHydrate (1 ml) &#8211; 180\u00a0\u20ac<br \/>\nPeptidyal HX (2,5 ml) &#8211; 280 \u20ac<br \/>\nNeauvia Hydro Deluxe (2,5 ml) &#8211; 280 \u20ac<\/p>\n<\/div><\/div><\/div><div class=\"fusion-panel panel-default panel-52ddd51bf192ab04a fusion-toggle-no-divider fusion-toggle-boxed-mode\"><div class=\"panel-heading\"><h4 class=\"panel-title toggle\" id=\"toggle_52ddd51bf192ab04a\"><a aria-expanded=\"false\" aria-controls=\"52ddd51bf192ab04a\" role=\"button\" data-toggle=\"collapse\" data-target=\"#52ddd51bf192ab04a\" href=\"#52ddd51bf192ab04a\"><span class=\"fusion-toggle-icon-wrapper\" aria-hidden=\"true\"><i class=\"fa-fusion-box active-icon awb-icon-minus\" aria-hidden=\"true\"><\/i><i class=\"fa-fusion-box inactive-icon awb-icon-plus\" aria-hidden=\"true\"><\/i><\/span><span class=\"fusion-toggle-heading\">Botuliinipistokset<\/span><\/a><\/h4><\/div><div id=\"52ddd51bf192ab04a\" class=\"panel-collapse collapse \" aria-labelledby=\"toggle_52ddd51bf192ab04a\"><div class=\"panel-body toggle-content fusion-clearfix\">\n<p>Otsan \u201dvihan ryppy\u201d &#8211; 230 \u20ac<br \/>\nOtsan vaakasuuntaiset rypyt &#8211; 200 \u20ac<br \/>\nSilmien ymp\u00e4rys &#8211; 230 \u20ac<br \/>\nKoko otsa &#8211; 390 \u20ac<br \/>\nOtsan \u201dvihan ryppy\u201d ja silm\u00e4n ymp\u00e4rys &#8211; 390 \u20ac<br \/>\nKoko otsa ja silmien ymp\u00e4rys &#8211; 450\u00a0\u20ac<br \/>\nNen\u00e4n vaakasuuntaiset rypyt &#8211; 100 \u20ac<br \/>\nSuun ymp\u00e4rys &#8211; 100\u00a0\u20ac<br \/>\nSuunurkat &#8211; 115\u00a0\u20ac<br \/>\nEp\u00e4tasainen leuka &#8211; 115\u00a0\u20ac<br \/>\nSuunurkat ja ep\u00e4tasainen leuka &#8211; 190\u00a0\u20ac<br \/>\nKaulan vaakasuuntaiset rypyt &#8211; 250 \u20ac<br \/>\nLeukalinjan etuosan korjaaminen &#8211; 200 \u20ac<br \/>\nKasvojen alaosan hoikentaminen &#8211; 390 \u20ac<br \/>\nKoko kasvot &#8211; 560 \u20ac<br \/>\nKaulan pystysuuntaiset lihaslinjat (\u201dkalkkunankaula\u201d) &#8211; 250 \u20ac<br \/>\nPRP plasmalifting (22 ml) &#8211; 450 \u20ac<br \/>\nPRP plasmalifting (11 ml) &#8211; 380 \u20ac<\/p>\n<\/div><\/div><\/div><div class=\"fusion-panel panel-default panel-5ba5ebb8e36456c57 fusion-toggle-no-divider fusion-toggle-boxed-mode\"><div class=\"panel-heading\"><h4 class=\"panel-title toggle\" id=\"toggle_5ba5ebb8e36456c57\"><a aria-expanded=\"false\" aria-controls=\"5ba5ebb8e36456c57\" role=\"button\" data-toggle=\"collapse\" data-target=\"#5ba5ebb8e36456c57\" href=\"#5ba5ebb8e36456c57\"><span class=\"fusion-toggle-icon-wrapper\" aria-hidden=\"true\"><i class=\"fa-fusion-box active-icon awb-icon-minus\" aria-hidden=\"true\"><\/i><i class=\"fa-fusion-box inactive-icon awb-icon-plus\" aria-hidden=\"true\"><\/i><\/span><span class=\"fusion-toggle-heading\">Botuliinipistokset liikahikoilua vastaan<\/span><\/a><\/h4><\/div><div id=\"5ba5ebb8e36456c57\" class=\"panel-collapse collapse \" aria-labelledby=\"toggle_5ba5ebb8e36456c57\"><div class=\"panel-body toggle-content fusion-clearfix\">\n<p>Liikahikoilua vastaan, aksillaarialue eli kainalot &#8211; 500 \u20ac<br \/>\nLiikahikoilua vastaan, k\u00e4mmenet &#8211; 650 \u20ac<br \/>\nLiikahikoilua vastaan, jalkater\u00e4t &#8211; 850 \u20ac<br \/>\nLiikahikoilua vastaan, p\u00e4\u00e4nahka &#8211; 550 \u20ac<\/p>\n<\/div><\/div><\/div><div class=\"fusion-panel panel-default panel-d70a2b8e81aa0c206 fusion-toggle-no-divider fusion-toggle-boxed-mode\"><div class=\"panel-heading\"><h4 class=\"panel-title toggle\" id=\"toggle_d70a2b8e81aa0c206\"><a aria-expanded=\"false\" aria-controls=\"d70a2b8e81aa0c206\" role=\"button\" data-toggle=\"collapse\" data-target=\"#d70a2b8e81aa0c206\" href=\"#d70a2b8e81aa0c206\"><span class=\"fusion-toggle-icon-wrapper\" aria-hidden=\"true\"><i class=\"fa-fusion-box active-icon awb-icon-minus\" aria-hidden=\"true\"><\/i><i class=\"fa-fusion-box inactive-icon awb-icon-plus\" aria-hidden=\"true\"><\/i><\/span><span class=\"fusion-toggle-heading\">Kasvojen muokkaus kartiolankoilla<\/span><\/a><\/h4><\/div><div id=\"d70a2b8e81aa0c206\" class=\"panel-collapse collapse \" aria-labelledby=\"toggle_d70a2b8e81aa0c206\"><div class=\"panel-body toggle-content fusion-clearfix\">\n<p>Sihlouette Soft 1 pari &#8211; 690 \u20ac<br \/>\nSihlouette Soft 2 pari &#8211; 1050 \u20ac<br \/>\nBelkyra ensimm\u00e4inen toimenpide &#8211; 1200 \u20ac<br \/>\nBelkyra jokainen seuraava toimenpide &#8211; 750 \u20ac<\/p>\n<p><em>* Jos injektiomenetelm\u00e4 suoritetaan konsultaation aikana, hoidon kustannukset v\u00e4hennet\u00e4\u00e4n hoidon kokonaiskustannuksista.<\/em><\/p>\n<\/div><\/div><\/div><\/div><\/div><div class=\"fusion-clearfix\"><\/div><\/div><\/div><div class=\"fusion-layout-column fusion_builder_column fusion-builder-column-5 fusion_builder_column_1_5 1_5 fusion-one-fifth fusion-column-last\" style=\"--awb-bg-size:cover;width:20%;width:calc(20% - ( ( 4% + 4% ) * 0.2 ) );\"><div class=\"fusion-column-wrapper fusion-column-has-shadow fusion-flex-column-wrapper-legacy\"><div class=\"fusion-clearfix\"><\/div><\/div><\/div><\/div><\/div><div class=\"fusion-fullwidth fullwidth-box fusion-builder-row-3 nonhundred-percent-fullwidth non-hundred-percent-height-scrolling\" style=\"--awb-border-radius-top-left:0px;--awb-border-radius-top-right:0px;--awb-border-radius-bottom-right:0px;--awb-border-radius-bottom-left:0px;--awb-flex-wrap:wrap;\" ><div class=\"fusion-builder-row fusion-row\"><div class=\"fusion-layout-column fusion_builder_column fusion-builder-column-6 fusion_builder_column_1_5 1_5 fusion-one-fifth fusion-column-first\" style=\"--awb-bg-size:cover;width:20%;width:calc(20% - ( ( 4% + 4% ) * 0.2 ) );margin-right: 4%;\"><div class=\"fusion-column-wrapper fusion-column-has-shadow fusion-flex-column-wrapper-legacy\"><div class=\"fusion-clearfix\"><\/div><\/div><\/div><div class=\"fusion-layout-column fusion_builder_column fusion-builder-column-7 fusion_builder_column_3_5 3_5 fusion-three-fifth\" style=\"--awb-bg-size:cover;width:60%;width:calc(60% - ( ( 4% + 4% ) * 0.6 ) );margin-right: 4%;\"><div class=\"fusion-column-wrapper fusion-column-has-shadow fusion-flex-column-wrapper-legacy\"><div class=\"fusion-title title fusion-title-3 fusion-sep-none fusion-title-text fusion-title-size-one\"><h1 class=\"fusion-title-heading title-heading-left\" style=\"margin:0;\"><h1 class=\"entry-title\">Verisuonikirurgia<\/h1><\/h1><\/div><div class=\"accordian fusion-accordian\" style=\"--awb-border-size:1px;--awb-icon-size:20px;--awb-content-font-size:18px;--awb-icon-alignment:left;--awb-hover-color:#f9f9f9;--awb-border-color:#cccccc;--awb-background-color:#ffffff;--awb-divider-color:#e0dede;--awb-divider-hover-color:#e0dede;--awb-icon-color:#ffffff;--awb-title-color:#648b9d;--awb-content-color:#747474;--awb-icon-box-color:#333333;--awb-toggle-hover-accent-color:#648b9d;--awb-title-font-family:&quot;Cabin&quot;;--awb-title-font-weight:700;--awb-title-font-style:normal;--awb-content-font-family:&quot;Roboto&quot;;--awb-content-font-style:normal;--awb-content-font-weight:400;\"><div class=\"panel-group fusion-toggle-icon-boxed\" id=\"accordion-315-3\"><div class=\"fusion-panel panel-default panel-db792236a884e5dad fusion-toggle-no-divider fusion-toggle-boxed-mode\" style=\"--awb-title-color:#648b9d;\"><div class=\"panel-heading\"><h4 class=\"panel-title toggle\" id=\"toggle_db792236a884e5dad\"><a aria-expanded=\"false\" aria-controls=\"db792236a884e5dad\" role=\"button\" data-toggle=\"collapse\" data-target=\"#db792236a884e5dad\" href=\"#db792236a884e5dad\"><span class=\"fusion-toggle-icon-wrapper\" aria-hidden=\"true\"><i class=\"fa-fusion-box active-icon awb-icon-minus\" aria-hidden=\"true\"><\/i><i class=\"fa-fusion-box inactive-icon awb-icon-plus\" aria-hidden=\"true\"><\/i><\/span><span class=\"fusion-toggle-heading\">Verisuonikirurgian hinnasto<\/span><\/a><\/h4><\/div><div id=\"db792236a884e5dad\" class=\"panel-collapse collapse \" aria-labelledby=\"toggle_db792236a884e5dad\"><div class=\"panel-body toggle-content fusion-clearfix\">\n<p>Verisuonikirurgia alkaen 150 \u20ac<\/p>\n<\/div><\/div><\/div><\/div><\/div><div class=\"fusion-clearfix\"><\/div><\/div><\/div><div class=\"fusion-layout-column fusion_builder_column fusion-builder-column-8 fusion_builder_column_1_5 1_5 fusion-one-fifth fusion-column-last\" style=\"--awb-bg-size:cover;width:20%;width:calc(20% - ( ( 4% + 4% ) * 0.2 ) );\"><div class=\"fusion-column-wrapper fusion-column-has-shadow fusion-flex-column-wrapper-legacy\"><div class=\"fusion-clearfix\"><\/div><\/div><\/div><\/div><\/div><\/p>\n","protected":false},"excerpt":{"rendered":"","protected":false},"author":4,"featured_media":0,"parent":0,"menu_order":67,"comment_status":"closed","ping_status":"closed","template":"","meta":{"om_disable_all_campaigns":false,"inline_featured_image":false,"_monsterinsights_skip_tracking":false,"_monsterinsights_sitenote_active":false,"_monsterinsights_sitenote_note":"","_monsterinsights_sitenote_category":0,"_uf_show_specific_survey":0,"_uf_disable_surveys":false,"footnotes":""},"class_list":["post-315","page","type-page","status-publish","hentry"],"aioseo_notices":[],"_links":{"self":[{"href":"https:\/\/kirurgia.ee\/fi\/wp-json\/wp\/v2\/pages\/315","targetHints":{"allow":["GET"]}}],"collection":[{"href":"https:\/\/kirurgia.ee\/fi\/wp-json\/wp\/v2\/pages"}],"about":[{"href":"https:\/\/kirurgia.ee\/fi\/wp-json\/wp\/v2\/types\/page"}],"author":[{"embeddable":true,"href":"https:\/\/kirurgia.ee\/fi\/wp-json\/wp\/v2\/users\/4"}],"replies":[{"embeddable":true,"href":"https:\/\/kirurgia.ee\/fi\/wp-json\/wp\/v2\/comments?post=315"}],"version-history":[{"count":51,"href":"https:\/\/kirurgia.ee\/fi\/wp-json\/wp\/v2\/pages\/315\/revisions"}],"predecessor-version":[{"id":10698,"href":"https:\/\/kirurgia.ee\/fi\/wp-json\/wp\/v2\/pages\/315\/revisions\/10698"}],"wp:attachment":[{"href":"https:\/\/kirurgia.ee\/fi\/wp-json\/wp\/v2\/media?parent=315"}],"curies":[{"name":"wp","href":"https:\/\/api.w.org\/{rel}","templated":true}]}}