{"id":10520,"date":"2025-10-01T15:43:27","date_gmt":"2025-10-01T12:43:27","guid":{"rendered":"https:\/\/kirurgia.ee\/plastiikakirurgit\/dr-siim-simmo\/"},"modified":"2025-10-01T15:43:28","modified_gmt":"2025-10-01T12:43:28","slug":"dr-siim-simmo","status":"publish","type":"page","link":"https:\/\/kirurgia.ee\/fi\/plastiikakirurgit\/dr-siim-simmo\/","title":{"rendered":"Dr Siim Simmo"},"content":{"rendered":"<div class=\"fusion-fullwidth fullwidth-box fusion-builder-row-1 fusion-flex-container nonhundred-percent-fullwidth non-hundred-percent-height-scrolling\" style=\"--awb-border-radius-top-left:0px;--awb-border-radius-top-right:0px;--awb-border-radius-bottom-right:0px;--awb-border-radius-bottom-left:0px;--awb-flex-wrap:wrap;\" ><div class=\"fusion-builder-row fusion-row fusion-flex-align-items-flex-start fusion-flex-content-wrap\" style=\"max-width:1497.6px;margin-left: calc(-4% \/ 2 );margin-right: calc(-4% \/ 2 );\"><div class=\"fusion-layout-column fusion_builder_column fusion-builder-column-0 fusion_builder_column_1_5 1_5 fusion-flex-column\" style=\"--awb-bg-size:cover;--awb-width-large:20%;--awb-margin-top-large:0px;--awb-spacing-right-large:9.6%;--awb-margin-bottom-large:20px;--awb-spacing-left-large:9.6%;--awb-width-medium:100%;--awb-order-medium:0;--awb-spacing-right-medium:1.92%;--awb-spacing-left-medium:1.92%;--awb-width-small:100%;--awb-order-small:0;--awb-spacing-right-small:1.92%;--awb-spacing-left-small:1.92%;\"><div class=\"fusion-column-wrapper fusion-column-has-shadow fusion-flex-justify-content-flex-start fusion-content-layout-column\"><div class=\"fusion-image-element \" style=\"--awb-caption-title-font-family:var(--h2_typography-font-family);--awb-caption-title-font-weight:var(--h2_typography-font-weight);--awb-caption-title-font-style:var(--h2_typography-font-style);--awb-caption-title-size:var(--h2_typography-font-size);--awb-caption-title-transform:var(--h2_typography-text-transform);--awb-caption-title-line-height:var(--h2_typography-line-height);--awb-caption-title-letter-spacing:var(--h2_typography-letter-spacing);\"><span class=\" fusion-imageframe imageframe-none imageframe-1 hover-type-none\" style=\"border-radius:50%;\"><img decoding=\"async\" width=\"200\" height=\"200\" title=\"dr siim simmo\" src=\"https:\/\/kirurgia.ee\/wp-content\/uploads\/dr-siim-simmo.png\" alt class=\"img-responsive wp-image-9602\" srcset=\"https:\/\/kirurgia.ee\/wp-content\/uploads\/dr-siim-simmo-66x66.png 66w, https:\/\/kirurgia.ee\/wp-content\/uploads\/dr-siim-simmo-150x150.png 150w, https:\/\/kirurgia.ee\/wp-content\/uploads\/dr-siim-simmo.png 200w\" sizes=\"(max-width: 200px) 100vw, 200px\" \/><\/span><\/div><\/div><\/div><div class=\"fusion-layout-column fusion_builder_column fusion-builder-column-1 fusion_builder_column_3_5 3_5 fusion-flex-column\" style=\"--awb-bg-size:cover;--awb-width-large:60%;--awb-margin-top-large:0px;--awb-spacing-right-large:3.2%;--awb-margin-bottom-large:20px;--awb-spacing-left-large:3.2%;--awb-width-medium:100%;--awb-order-medium:0;--awb-spacing-right-medium:1.92%;--awb-spacing-left-medium:1.92%;--awb-width-small:100%;--awb-order-small:0;--awb-spacing-right-small:1.92%;--awb-spacing-left-small:1.92%;\"><div class=\"fusion-column-wrapper fusion-column-has-shadow fusion-flex-justify-content-flex-start fusion-content-layout-column\"><div class=\"fusion-text fusion-text-1\"><p data-start=\"0\" data-end=\"132\">Tohtori Siim Simmo on arvostettu plastiikka- ja rekonstruktiivikirurgi, jolla on yli 25 vuoden kokemus sek\u00e4 Virosta ett\u00e4 Suomesta.<\/p>\n<p data-start=\"134\" data-end=\"307\">H\u00e4nen ammatillinen osaamisensa kattaa laajan kirjon toimenpiteit\u00e4 \u2013 rintaleikkauksista kasvojen, kaulan ja intiimialueen kirurgiaan sek\u00e4 erilaisiin esteettisiin hoitoihin.<\/p>\n<p data-start=\"309\" data-end=\"522\" data-is-last-node=\"\" data-is-only-node=\"\">Lis\u00e4ksi h\u00e4nell\u00e4 on merkitt\u00e4v\u00e4 rooli rintasy\u00f6p\u00e4kirurgiassa: h\u00e4n oli ensimm\u00e4inen Virossa, joka teki v\u00e4litt\u00f6mi\u00e4 rintojen rekonstruktioita sy\u00f6p\u00e4potilaille, ja on ollut mukana kehitt\u00e4m\u00e4ss\u00e4 onkoplastista rintakirurgiaa.<\/p>\n<\/div><\/div><\/div><div class=\"fusion-layout-column fusion_builder_column fusion-builder-column-2 fusion_builder_column_1_5 1_5 fusion-flex-column\" style=\"--awb-bg-size:cover;--awb-width-large:20%;--awb-margin-top-large:0px;--awb-spacing-right-large:9.6%;--awb-margin-bottom-large:20px;--awb-spacing-left-large:9.6%;--awb-width-medium:100%;--awb-order-medium:0;--awb-spacing-right-medium:1.92%;--awb-spacing-left-medium:1.92%;--awb-width-small:100%;--awb-order-small:0;--awb-spacing-right-small:1.92%;--awb-spacing-left-small:1.92%;\"><div class=\"fusion-column-wrapper fusion-column-has-shadow fusion-flex-justify-content-flex-start fusion-content-layout-column\"><\/div><\/div><\/div><\/div>\n","protected":false},"excerpt":{"rendered":"","protected":false},"author":6,"featured_media":0,"parent":4249,"menu_order":0,"comment_status":"closed","ping_status":"closed","template":"","meta":{"om_disable_all_campaigns":false,"inline_featured_image":false,"_monsterinsights_skip_tracking":false,"_monsterinsights_sitenote_active":false,"_monsterinsights_sitenote_note":"","_monsterinsights_sitenote_category":0,"_uf_show_specific_survey":0,"_uf_disable_surveys":false,"footnotes":""},"class_list":["post-10520","page","type-page","status-publish","hentry"],"aioseo_notices":[],"_links":{"self":[{"href":"https:\/\/kirurgia.ee\/fi\/wp-json\/wp\/v2\/pages\/10520","targetHints":{"allow":["GET"]}}],"collection":[{"href":"https:\/\/kirurgia.ee\/fi\/wp-json\/wp\/v2\/pages"}],"about":[{"href":"https:\/\/kirurgia.ee\/fi\/wp-json\/wp\/v2\/types\/page"}],"author":[{"embeddable":true,"href":"https:\/\/kirurgia.ee\/fi\/wp-json\/wp\/v2\/users\/6"}],"replies":[{"embeddable":true,"href":"https:\/\/kirurgia.ee\/fi\/wp-json\/wp\/v2\/comments?post=10520"}],"version-history":[{"count":2,"href":"https:\/\/kirurgia.ee\/fi\/wp-json\/wp\/v2\/pages\/10520\/revisions"}],"predecessor-version":[{"id":10522,"href":"https:\/\/kirurgia.ee\/fi\/wp-json\/wp\/v2\/pages\/10520\/revisions\/10522"}],"up":[{"embeddable":true,"href":"https:\/\/kirurgia.ee\/fi\/wp-json\/wp\/v2\/pages\/4249"}],"wp:attachment":[{"href":"https:\/\/kirurgia.ee\/fi\/wp-json\/wp\/v2\/media?parent=10520"}],"curies":[{"name":"wp","href":"https:\/\/api.w.org\/{rel}","templated":true}]}}